{"id":224,"date":"2021-01-27T16:38:09","date_gmt":"2021-01-27T16:38:09","guid":{"rendered":"http:\/\/radio-glauchau.online\/?page_id=224"},"modified":"2021-01-27T16:42:11","modified_gmt":"2021-01-27T16:42:11","slug":"wunschbox","status":"publish","type":"page","link":"http:\/\/radio-glauchau.online\/?page_id=224","title":{"rendered":"Wunschbox"},"content":{"rendered":"<h3>Dein pers\u00f6nlicher Musikwunsch<\/h3>\n<div class=\"wpforms-container wpforms-container-full\" id=\"wpforms-49\"><form id=\"wpforms-form-49\" class=\"wpforms-validate wpforms-form\" data-formid=\"49\" method=\"post\" enctype=\"multipart\/form-data\" action=\"\/index.php?rest_route=%2Fwp%2Fv2%2Fpages%2F224\" data-token=\"7b00acbca967bfd37e0136a8e3588bf3\"><noscript class=\"wpforms-error-noscript\">Bitte aktiviere JavaScript in deinem Browser, um dieses Formular fertigzustellen.<\/noscript><div class=\"wpforms-field-container\"><div id=\"wpforms-49-field_1-container\" class=\"wpforms-field wpforms-field-text\" data-field-id=\"1\"><label class=\"wpforms-field-label\" for=\"wpforms-49-field_1\">Interpret<\/label><input type=\"text\" id=\"wpforms-49-field_1\" class=\"wpforms-field-medium\" name=\"wpforms[fields][1]\" ><\/div><div id=\"wpforms-49-field_2-container\" class=\"wpforms-field wpforms-field-text\" data-field-id=\"2\"><label class=\"wpforms-field-label\" for=\"wpforms-49-field_2\">Titel<\/label><input type=\"text\" id=\"wpforms-49-field_2\" class=\"wpforms-field-medium\" name=\"wpforms[fields][2]\" ><\/div><div id=\"wpforms-49-field_5-container\" class=\"wpforms-field wpforms-field-name\" data-field-id=\"5\"><label class=\"wpforms-field-label\" for=\"wpforms-49-field_5\">Dein Name <span class=\"wpforms-required-label\">*<\/span><\/label><input type=\"text\" id=\"wpforms-49-field_5\" class=\"wpforms-field-small wpforms-field-required\" name=\"wpforms[fields][5]\" required><\/div><div id=\"wpforms-49-field_4-container\" class=\"wpforms-field wpforms-field-text\" data-field-id=\"4\"><label class=\"wpforms-field-label\" for=\"wpforms-49-field_4\">Text f\u00fcr pers\u00f6nlichen Gru\u00df zum Titel<\/label><input type=\"text\" id=\"wpforms-49-field_4\" class=\"wpforms-field-medium\" name=\"wpforms[fields][4]\" ><\/div><div id=\"wpforms-49-field_3-container\" class=\"wpforms-field wpforms-field-email\" data-field-id=\"3\"><label class=\"wpforms-field-label\" for=\"wpforms-49-field_3\">E-Mail <span class=\"wpforms-required-label\">*<\/span><\/label><input type=\"email\" id=\"wpforms-49-field_3\" class=\"wpforms-field-medium wpforms-field-required\" name=\"wpforms[fields][3]\" required><div class=\"wpforms-field-description\">Schick uns eine Mail mit einem Musikwunsch, und wir bauen den Titel in unserem Programm mit ein<\/div><\/div><\/div><div class=\"wpforms-field wpforms-field-hp\"><label for=\"wpforms-49-field-hp\" class=\"wpforms-field-label\">Comment<\/label><input type=\"text\" name=\"wpforms[hp]\" id=\"wpforms-49-field-hp\" class=\"wpforms-field-medium\"><\/div><div class=\"wpforms-submit-container\"><input type=\"hidden\" name=\"wpforms[id]\" value=\"49\"><input type=\"hidden\" name=\"wpforms[author]\" value=\"1\"><button type=\"submit\" name=\"wpforms[submit]\" id=\"wpforms-submit-49\" class=\"wpforms-submit\" data-alt-text=\"Senden...\" data-submit-text=\"Absenden\" aria-live=\"assertive\" value=\"wpforms-submit\">Absenden<\/button><\/div><\/form><\/div>  <!-- .wpforms-container -->\n","protected":false},"excerpt":{"rendered":"<p>Dein pers\u00f6nlicher Musikwunsch<\/p>\n","protected":false},"author":1,"featured_media":0,"parent":0,"menu_order":0,"comment_status":"closed","ping_status":"closed","template":"","meta":[],"_links":{"self":[{"href":"http:\/\/radio-glauchau.online\/index.php?rest_route=\/wp\/v2\/pages\/224"}],"collection":[{"href":"http:\/\/radio-glauchau.online\/index.php?rest_route=\/wp\/v2\/pages"}],"about":[{"href":"http:\/\/radio-glauchau.online\/index.php?rest_route=\/wp\/v2\/types\/page"}],"author":[{"embeddable":true,"href":"http:\/\/radio-glauchau.online\/index.php?rest_route=\/wp\/v2\/users\/1"}],"replies":[{"embeddable":true,"href":"http:\/\/radio-glauchau.online\/index.php?rest_route=%2Fwp%2Fv2%2Fcomments&post=224"}],"version-history":[{"count":5,"href":"http:\/\/radio-glauchau.online\/index.php?rest_route=\/wp\/v2\/pages\/224\/revisions"}],"predecessor-version":[{"id":229,"href":"http:\/\/radio-glauchau.online\/index.php?rest_route=\/wp\/v2\/pages\/224\/revisions\/229"}],"wp:attachment":[{"href":"http:\/\/radio-glauchau.online\/index.php?rest_route=%2Fwp%2Fv2%2Fmedia&parent=224"}],"curies":[{"name":"wp","href":"https:\/\/api.w.org\/{rel}","templated":true}]}}