{"id":302,"date":"2021-03-18T13:58:46","date_gmt":"2021-03-18T13:58:46","guid":{"rendered":"http:\/\/radio-glauchau.online\/?page_id=302"},"modified":"2021-03-18T14:01:52","modified_gmt":"2021-03-18T14:01:52","slug":"impressum","status":"publish","type":"page","link":"http:\/\/radio-glauchau.online\/?page_id=302","title":{"rendered":"Impressum"},"content":{"rendered":"<p>Impressum<br \/>\nAngaben gem\u00e4\u00df \u00a7 5 TMG<\/p>\n<p>Michael Pohlers<br \/>\nAm Berg 42<br \/>\n08373 Remse<\/p>\n<p>Kontakt<br \/>\nTelefon: 0172 35 36497<br \/>\nE-Mail: micha@dj-wildboy.de<\/p>\n<p>Redaktionell Verantwortlicher<br \/>\nMichael Pohlers<br \/>\nAm Berg 42<br \/>\n08373 Remse<\/p>\n<p>Haftung f\u00fcr Inhalte<br \/>\nAls Diensteanbieter sind wir gem\u00e4\u00df \u00a7 7 Abs.1 TMG f\u00fcr eigene Inhalte auf diesen Seiten nach den<br \/>\nallgemeinen Gesetzen verantwortlich. Nach \u00a7\u00a7 8 bis 10 TMG sind wir als Diensteanbieter jedoch nicht<br \/>\nverpflichtet, \u00fcbermittelte oder gespeicherte fremde Informationen zu \u00fcberwachen oder nach Umst\u00e4nden zu<br \/>\nforschen, die auf eine rechtswidrige T\u00e4tigkeit hinweisen.<br \/>\nVerpflichtungen zur Entfernung oder Sperrung der Nutzung von Informationen nach den allgemeinen<br \/>\nGesetzen bleiben hiervon unber\u00fchrt. Eine diesbez\u00fcgliche Haftung ist jedoch erst ab dem Zeitpunkt der<br \/>\nKenntnis einer konkreten Rechtsverletzung m\u00f6glich. Bei Bekanntwerden von entsprechenden<br \/>\nRechtsverletzungen werden wir diese Inhalte umgehend entfernen.<br \/>\nHaftung f\u00fcr Links<br \/>\nUnser Angebot enth\u00e4lt Links zu externen Websites Dritter, auf deren Inhalte wir keinen Einfluss haben.<br \/>\nDeshalb k\u00f6nnen wir f\u00fcr diese fremden Inhalte auch keine Gew\u00e4hr \u00fcbernehmen. F\u00fcr die Inhalte der<br \/>\nverlinkten Seiten ist stets der jeweilige Anbieter oder Betreiber der Seiten verantwortlich. Die verlinkten<br \/>\nSeiten wurden zum Zeitpunkt der Verlinkung auf m\u00f6gliche Rechtsverst\u00f6\u00dfe \u00fcberpr\u00fcft. Rechtswidrige Inhalte<br \/>\nwaren zum Zeitpunkt der Verlinkung nicht erkennbar.<\/p>\n<div data-canvas-width=\"611.9333333333336\">Eine permanente inhaltliche Kontrolle der verlinkten Seiten ist jedoch ohne konkrete Anhaltspunkte einer<\/div>\n<div data-canvas-width=\"615.8400000000001\">Rechtsverletzung nicht zumutbar. Bei Bekanntwerden von Rechtsverletzungen werden wir derartige Links<\/div>\n<div data-canvas-width=\"124.86666666666669\">umgehend entfernen.<\/div>\n<div data-canvas-width=\"98.11200000000002\">Urheberrecht<\/div>\n<div data-canvas-width=\"603.8000000000002\">Die durch die Seitenbetreiber erstellten Inhalte und Werke auf diesen Seiten unterliegen dem deutschen<\/div>\n<div data-canvas-width=\"611.0133333333333\">Urheberrecht. Die Vervielf\u00e4ltigung, Bearbeitung, Verbreitung und jede Art der Verwertung au\u00dferhalb der<\/div>\n<div data-canvas-width=\"615.6933333333334\">Grenzen des Urheberrechtes bed\u00fcrfen der schriftlichen Zustimmung des jeweiligen Autors bzw. Erstellers.<\/div>\n<div data-canvas-width=\"593.4133333333335\">Downloads und Kopien dieser Seite sind nur f\u00fcr den privaten, nicht kommerziellen Gebrauch gestattet.<\/div>\n<div data-canvas-width=\"610.1733333333334\">Soweit die Inhalte auf dieser Seite nicht vom Betreiber erstellt wurden, werden die Urheberrechte Dritter<\/div>\n<div data-canvas-width=\"595.3333333333336\">beachtet. Insbesondere werden Inhalte Dritter als solche gekennzeichnet. Sollten Sie trotzdem auf eine<\/div>\n<div data-canvas-width=\"560.0266666666669\">Urheberrechtsverletzung aufmerksam werden, bitten wir um einen entsprechenden Hinweis. Bei<\/div>\n<div data-canvas-width=\"533.4666666666669\">Bekanntwerden von Rechtsverletzungen werden wir derartige Inhalte umgehend entfernen.<\/div>\n<div data-canvas-width=\"42.21333333333333\">Quelle:<\/div>\n<div data-canvas-width=\"313.88000000000005\">https:\/\/www.e-recht24.de\/impressum-generator.html<\/div>\n<div data-canvas-width=\"127.51999999999987\"><\/div>\n<div><\/div>\n","protected":false},"excerpt":{"rendered":"<p>Impressum Angaben gem\u00e4\u00df \u00a7 5 TMG Michael Pohlers Am Berg 42 08373 Remse Kontakt Telefon: 0172 35 36497 E-Mail: micha@dj-wildboy.de Redaktionell Verantwortlicher Michael Pohlers Am Berg 42 08373 Remse Haftung [&hellip;]<\/p>\n","protected":false},"author":1,"featured_media":0,"parent":0,"menu_order":0,"comment_status":"closed","ping_status":"closed","template":"","meta":[],"_links":{"self":[{"href":"http:\/\/radio-glauchau.online\/index.php?rest_route=\/wp\/v2\/pages\/302"}],"collection":[{"href":"http:\/\/radio-glauchau.online\/index.php?rest_route=\/wp\/v2\/pages"}],"about":[{"href":"http:\/\/radio-glauchau.online\/index.php?rest_route=\/wp\/v2\/types\/page"}],"author":[{"embeddable":true,"href":"http:\/\/radio-glauchau.online\/index.php?rest_route=\/wp\/v2\/users\/1"}],"replies":[{"embeddable":true,"href":"http:\/\/radio-glauchau.online\/index.php?rest_route=%2Fwp%2Fv2%2Fcomments&post=302"}],"version-history":[{"count":2,"href":"http:\/\/radio-glauchau.online\/index.php?rest_route=\/wp\/v2\/pages\/302\/revisions"}],"predecessor-version":[{"id":305,"href":"http:\/\/radio-glauchau.online\/index.php?rest_route=\/wp\/v2\/pages\/302\/revisions\/305"}],"wp:attachment":[{"href":"http:\/\/radio-glauchau.online\/index.php?rest_route=%2Fwp%2Fv2%2Fmedia&parent=302"}],"curies":[{"name":"wp","href":"https:\/\/api.w.org\/{rel}","templated":true}]}}