{"id":362,"date":"2021-09-01T19:15:40","date_gmt":"2021-09-01T19:15:40","guid":{"rendered":"http:\/\/radio-glauchau.online\/?page_id=362"},"modified":"2021-09-01T19:21:14","modified_gmt":"2021-09-01T19:21:14","slug":"chatroom","status":"publish","type":"page","link":"http:\/\/radio-glauchau.online\/?page_id=362","title":{"rendered":"Chatroom"},"content":{"rendered":"<p>W\u00e4hrend unserer Livesendungen w\u00fcrden wir uns sehr freuen, mit Dir in direkten Kontakt in unserem Radio Glauchau Chatroom treten zu k\u00f6nnen. Sei herzlichst eingeladen und registriere Dich mit Deiner Emailadresse oder als Gast.<\/p>\n<p>(Bitte aufs Logo klicken)<\/p>\n<p><a href=\"https:\/\/server2.webkicks.de\/radio-glauchau\/\" target=\"_blank\" rel=\"noopener\"><img loading=\"lazy\" class=\"alignnone wp-image-363 size-medium\" src=\"http:\/\/radio-glauchau.online\/wp-content\/uploads\/2021\/09\/chatroom-300x176.png\" alt=\"\" width=\"300\" height=\"176\" srcset=\"http:\/\/radio-glauchau.online\/wp-content\/uploads\/2021\/09\/chatroom-300x176.png 300w, http:\/\/radio-glauchau.online\/wp-content\/uploads\/2021\/09\/chatroom-768x451.png 768w, http:\/\/radio-glauchau.online\/wp-content\/uploads\/2021\/09\/chatroom.png 804w\" sizes=\"(max-width: 300px) 100vw, 300px\" \/><\/a><\/p>\n","protected":false},"excerpt":{"rendered":"<p>W\u00e4hrend unserer Livesendungen w\u00fcrden wir uns sehr freuen, mit Dir in direkten Kontakt in unserem Radio Glauchau Chatroom treten zu k\u00f6nnen. Sei herzlichst eingeladen und registriere Dich mit Deiner Emailadresse [&hellip;]<\/p>\n","protected":false},"author":1,"featured_media":0,"parent":0,"menu_order":0,"comment_status":"closed","ping_status":"closed","template":"","meta":[],"_links":{"self":[{"href":"http:\/\/radio-glauchau.online\/index.php?rest_route=\/wp\/v2\/pages\/362"}],"collection":[{"href":"http:\/\/radio-glauchau.online\/index.php?rest_route=\/wp\/v2\/pages"}],"about":[{"href":"http:\/\/radio-glauchau.online\/index.php?rest_route=\/wp\/v2\/types\/page"}],"author":[{"embeddable":true,"href":"http:\/\/radio-glauchau.online\/index.php?rest_route=\/wp\/v2\/users\/1"}],"replies":[{"embeddable":true,"href":"http:\/\/radio-glauchau.online\/index.php?rest_route=%2Fwp%2Fv2%2Fcomments&post=362"}],"version-history":[{"count":4,"href":"http:\/\/radio-glauchau.online\/index.php?rest_route=\/wp\/v2\/pages\/362\/revisions"}],"predecessor-version":[{"id":368,"href":"http:\/\/radio-glauchau.online\/index.php?rest_route=\/wp\/v2\/pages\/362\/revisions\/368"}],"wp:attachment":[{"href":"http:\/\/radio-glauchau.online\/index.php?rest_route=%2Fwp%2Fv2%2Fmedia&parent=362"}],"curies":[{"name":"wp","href":"https:\/\/api.w.org\/{rel}","templated":true}]}}